{"id":171,"date":"2021-02-23T15:47:46","date_gmt":"2021-02-23T15:47:46","guid":{"rendered":"https:\/\/www.caldestracassessors.com\/?page_id=171"},"modified":"2021-02-23T17:04:55","modified_gmt":"2021-02-23T17:04:55","slug":"bonada-urrea-advocats","status":"publish","type":"page","link":"https:\/\/www.caldestracassessors.com\/index.php\/bonada-urrea-advocats\/","title":{"rendered":"BONADA URREA ADVOCATS"},"content":{"rendered":"\n<figure class=\"wp-block-image size-large\"><img loading=\"lazy\" decoding=\"async\" width=\"500\" height=\"250\" src=\"https:\/\/www.caldestracassessors.com\/wp-content\/uploads\/2021\/02\/LOGO-2.png\" alt=\"\" class=\"wp-image-188\" srcset=\"https:\/\/www.caldestracassessors.com\/wp-content\/uploads\/2021\/02\/LOGO-2.png 500w, https:\/\/www.caldestracassessors.com\/wp-content\/uploads\/2021\/02\/LOGO-2-300x150.png 300w\" sizes=\"(max-width: 500px) 100vw, 500px\" \/><\/figure>\n\n\n\n<p><strong>Bonada-Urrea Advocats<\/strong>, es un despacho de abogados situado en Malgrat de Mar, Barcelona, y dedicado desde hace m\u00e1s de treinta&nbsp;&nbsp;a\u00f1os al asesoramiento jur\u00eddico de particulares y empresas.<\/p>\n\n\n\n<p>Nuestro \u00e1mbito de actuaci\u00f3n es nacional, siendo Catalu\u00f1a nuestra localizaci\u00f3n preferente y en concreto las provincias de Barcelona y Girona donde realizamos la mayor parte de nuestra actividad.<\/p>\n\n\n\n<p>Ofrecemos asesoramiento jur\u00eddico multidisciplinario a particulares y empresas, abarcando diversas ramas del derecho, principalmente en materia civil, laboral y mercantil.<\/p>\n\n\n\n<p>PARA M\u00c1S INFO, HAGA CLICK <a href=\"http:\/\/WWW.BONADAURREA.COM\" target=\"_blank\" rel=\"noreferrer noopener\">\u00a1AQU\u00cd!<\/a><\/p>\n\n\n\n<div class=\"wp-block-columns is-layout-flex wp-container-core-columns-is-layout-1 wp-block-columns-is-layout-flex\">\n<div class=\"wp-block-column is-layout-flow wp-block-column-is-layout-flow\" style=\"flex-basis:100%\">\n<div class=\"wp-block-group alignwide\"><div class=\"wp-block-group__inner-container is-layout-flow wp-block-group-is-layout-flow\">\n<div class=\"wp-block-media-text alignwide is-stacked-on-mobile is-vertically-aligned-center\" style=\"grid-template-columns:15% auto\"><figure class=\"wp-block-media-text__media\"><a href=\"https:\/\/www.instagram.com\/bonadaurrea\/\"><img loading=\"lazy\" decoding=\"async\" width=\"900\" height=\"899\" src=\"https:\/\/www.caldestracassessors.com\/wp-content\/uploads\/2021\/02\/INSTAGRAM.png\" alt=\"\" class=\"wp-image-199 size-full\" srcset=\"https:\/\/www.caldestracassessors.com\/wp-content\/uploads\/2021\/02\/INSTAGRAM.png 900w, https:\/\/www.caldestracassessors.com\/wp-content\/uploads\/2021\/02\/INSTAGRAM-300x300.png 300w, https:\/\/www.caldestracassessors.com\/wp-content\/uploads\/2021\/02\/INSTAGRAM-150x150.png 150w, https:\/\/www.caldestracassessors.com\/wp-content\/uploads\/2021\/02\/INSTAGRAM-768x767.png 768w\" sizes=\"(max-width: 900px) 100vw, 900px\" \/><\/a><\/figure><div class=\"wp-block-media-text__content\">\n<p class=\"has-large-font-size\">S\u00edguenos en INSTAGRAM para estar al d\u00eda de todo!<\/p>\n<\/div><\/div>\n<\/div><\/div>\n<\/div>\n<\/div>\n\n\n\n<div class=\"wp-block-columns is-layout-flex wp-container-core-columns-is-layout-2 wp-block-columns-is-layout-flex\">\n<div class=\"wp-block-column is-layout-flow wp-block-column-is-layout-flow\" style=\"flex-basis:100%\">\n<div class=\"wp-block-media-text alignwide is-stacked-on-mobile\" style=\"grid-template-columns:15% auto\"><figure class=\"wp-block-media-text__media\"><a href=\"https:\/\/www.facebook.com\/bonadaurrea\/\"><img loading=\"lazy\" decoding=\"async\" width=\"1024\" height=\"1024\" src=\"https:\/\/www.caldestracassessors.com\/wp-content\/uploads\/2021\/02\/FACEBOOK-1024x1024.png\" alt=\"\" class=\"wp-image-201 size-full\" srcset=\"https:\/\/www.caldestracassessors.com\/wp-content\/uploads\/2021\/02\/FACEBOOK-1024x1024.png 1024w, https:\/\/www.caldestracassessors.com\/wp-content\/uploads\/2021\/02\/FACEBOOK-300x300.png 300w, https:\/\/www.caldestracassessors.com\/wp-content\/uploads\/2021\/02\/FACEBOOK-150x150.png 150w, https:\/\/www.caldestracassessors.com\/wp-content\/uploads\/2021\/02\/FACEBOOK-768x768.png 768w, https:\/\/www.caldestracassessors.com\/wp-content\/uploads\/2021\/02\/FACEBOOK-1536x1536.png 1536w, https:\/\/www.caldestracassessors.com\/wp-content\/uploads\/2021\/02\/FACEBOOK-1568x1568.png 1568w, https:\/\/www.caldestracassessors.com\/wp-content\/uploads\/2021\/02\/FACEBOOK.png 1600w\" sizes=\"(max-width: 1024px) 100vw, 1024px\" \/><\/a><\/figure><div class=\"wp-block-media-text__content\">\n<p class=\"has-large-font-size\">Si eres m\u00e1s de FACEBOOK, tambi\u00e9n podr\u00e1s consultar todas nuestras publicaciones all\u00ed.<\/p>\n<\/div><\/div>\n\n\n\n<p><\/p>\n<\/div>\n<\/div>\n","protected":false},"excerpt":{"rendered":"<p>Bonada-Urrea Advocats, es un despacho de abogados situado en Malgrat de Mar, Barcelona, y dedicado desde hace m\u00e1s de treinta&nbsp;&nbsp;a\u00f1os al asesoramiento jur\u00eddico de particulares y empresas. Nuestro \u00e1mbito de actuaci\u00f3n es nacional, siendo Catalu\u00f1a nuestra localizaci\u00f3n preferente y en concreto las provincias de Barcelona y Girona donde realizamos la mayor parte de nuestra actividad.&hellip; <a class=\"more-link\" href=\"https:\/\/www.caldestracassessors.com\/index.php\/bonada-urrea-advocats\/\">Seguir leyendo <span class=\"screen-reader-text\">BONADA URREA ADVOCATS<\/span><\/a><\/p>\n","protected":false},"author":1,"featured_media":0,"parent":0,"menu_order":0,"comment_status":"closed","ping_status":"closed","template":"","meta":{"footnotes":""},"yoast_head":"<!-- This site is optimized with the Yoast SEO plugin v15.9 - https:\/\/yoast.com\/wordpress\/plugins\/seo\/ -->\n<title>BONADA URREA ADVOCATS - CALDESTRAC ASSESSORS<\/title>\n<meta name=\"robots\" content=\"index, follow, max-snippet:-1, max-image-preview:large, max-video-preview:-1\" \/>\n<link rel=\"canonical\" href=\"https:\/\/www.caldestracassessors.com\/index.php\/bonada-urrea-advocats\/\" \/>\n<meta property=\"og:locale\" content=\"es_ES\" \/>\n<meta property=\"og:type\" content=\"article\" \/>\n<meta property=\"og:title\" content=\"BONADA URREA ADVOCATS - CALDESTRAC ASSESSORS\" \/>\n<meta property=\"og:description\" content=\"Bonada-Urrea Advocats, es un despacho de abogados situado en Malgrat de Mar, Barcelona, y dedicado desde hace m\u00e1s de treinta&nbsp;&nbsp;a\u00f1os al asesoramiento jur\u00eddico de particulares y empresas. Nuestro \u00e1mbito de actuaci\u00f3n es nacional, siendo Catalu\u00f1a nuestra localizaci\u00f3n preferente y en concreto las provincias de Barcelona y Girona donde realizamos la mayor parte de nuestra actividad.&hellip; Seguir leyendo BONADA URREA ADVOCATS\" \/>\n<meta property=\"og:url\" content=\"https:\/\/www.caldestracassessors.com\/index.php\/bonada-urrea-advocats\/\" \/>\n<meta property=\"og:site_name\" content=\"CALDESTRAC ASSESSORS\" \/>\n<meta property=\"article:modified_time\" content=\"2021-02-23T17:04:55+00:00\" \/>\n<meta property=\"og:image\" content=\"https:\/\/www.caldestracassessors.com\/wp-content\/uploads\/2021\/02\/LOGO-2.png\" \/>\n<meta name=\"twitter:card\" content=\"summary_large_image\" \/>\n<meta name=\"twitter:label1\" content=\"Tiempo de lectura\">\n\t<meta name=\"twitter:data1\" content=\"2 minutos\">\n<script type=\"application\/ld+json\" class=\"yoast-schema-graph\">{\"@context\":\"https:\/\/schema.org\",\"@graph\":[{\"@type\":\"WebSite\",\"@id\":\"https:\/\/www.caldestracassessors.com\/#website\",\"url\":\"https:\/\/www.caldestracassessors.com\/\",\"name\":\"CALDESTRAC ASSESSORS\",\"description\":\"\",\"potentialAction\":[{\"@type\":\"SearchAction\",\"target\":\"https:\/\/www.caldestracassessors.com\/?s={search_term_string}\",\"query-input\":\"required name=search_term_string\"}],\"inLanguage\":\"es\"},{\"@type\":\"ImageObject\",\"@id\":\"https:\/\/www.caldestracassessors.com\/index.php\/bonada-urrea-advocats\/#primaryimage\",\"inLanguage\":\"es\",\"url\":\"https:\/\/www.caldestracassessors.com\/wp-content\/uploads\/2021\/02\/LOGO-2.png\",\"width\":500,\"height\":250},{\"@type\":\"WebPage\",\"@id\":\"https:\/\/www.caldestracassessors.com\/index.php\/bonada-urrea-advocats\/#webpage\",\"url\":\"https:\/\/www.caldestracassessors.com\/index.php\/bonada-urrea-advocats\/\",\"name\":\"BONADA URREA ADVOCATS - CALDESTRAC ASSESSORS\",\"isPartOf\":{\"@id\":\"https:\/\/www.caldestracassessors.com\/#website\"},\"primaryImageOfPage\":{\"@id\":\"https:\/\/www.caldestracassessors.com\/index.php\/bonada-urrea-advocats\/#primaryimage\"},\"datePublished\":\"2021-02-23T15:47:46+00:00\",\"dateModified\":\"2021-02-23T17:04:55+00:00\",\"breadcrumb\":{\"@id\":\"https:\/\/www.caldestracassessors.com\/index.php\/bonada-urrea-advocats\/#breadcrumb\"},\"inLanguage\":\"es\",\"potentialAction\":[{\"@type\":\"ReadAction\",\"target\":[\"https:\/\/www.caldestracassessors.com\/index.php\/bonada-urrea-advocats\/\"]}]},{\"@type\":\"BreadcrumbList\",\"@id\":\"https:\/\/www.caldestracassessors.com\/index.php\/bonada-urrea-advocats\/#breadcrumb\",\"itemListElement\":[{\"@type\":\"ListItem\",\"position\":1,\"item\":{\"@type\":\"WebPage\",\"@id\":\"https:\/\/www.caldestracassessors.com\/\",\"url\":\"https:\/\/www.caldestracassessors.com\/\",\"name\":\"Portada\"}},{\"@type\":\"ListItem\",\"position\":2,\"item\":{\"@type\":\"WebPage\",\"@id\":\"https:\/\/www.caldestracassessors.com\/index.php\/bonada-urrea-advocats\/\",\"url\":\"https:\/\/www.caldestracassessors.com\/index.php\/bonada-urrea-advocats\/\",\"name\":\"BONADA URREA ADVOCATS\"}}]}]}<\/script>\n<!-- \/ Yoast SEO plugin. -->","_links":{"self":[{"href":"https:\/\/www.caldestracassessors.com\/index.php\/wp-json\/wp\/v2\/pages\/171"}],"collection":[{"href":"https:\/\/www.caldestracassessors.com\/index.php\/wp-json\/wp\/v2\/pages"}],"about":[{"href":"https:\/\/www.caldestracassessors.com\/index.php\/wp-json\/wp\/v2\/types\/page"}],"author":[{"embeddable":true,"href":"https:\/\/www.caldestracassessors.com\/index.php\/wp-json\/wp\/v2\/users\/1"}],"replies":[{"embeddable":true,"href":"https:\/\/www.caldestracassessors.com\/index.php\/wp-json\/wp\/v2\/comments?post=171"}],"version-history":[{"count":5,"href":"https:\/\/www.caldestracassessors.com\/index.php\/wp-json\/wp\/v2\/pages\/171\/revisions"}],"predecessor-version":[{"id":240,"href":"https:\/\/www.caldestracassessors.com\/index.php\/wp-json\/wp\/v2\/pages\/171\/revisions\/240"}],"wp:attachment":[{"href":"https:\/\/www.caldestracassessors.com\/index.php\/wp-json\/wp\/v2\/media?parent=171"}],"curies":[{"name":"wp","href":"https:\/\/api.w.org\/{rel}","templated":true}]}}