{"id":172,"date":"2021-02-23T15:47:46","date_gmt":"2021-02-23T15:47:46","guid":{"rendered":"https:\/\/www.caldestracassessors.com\/?page_id=172"},"modified":"2021-02-23T15:59:37","modified_gmt":"2021-02-23T15:59:37","slug":"donde-estamos","status":"publish","type":"page","link":"https:\/\/www.caldestracassessors.com\/index.php\/donde-estamos\/","title":{"rendered":"\u00bfD\u00f3nde estamos?"},"content":{"rendered":"\n<div class=\"wp-block-media-text alignwide is-stacked-on-mobile\" style=\"grid-template-columns:16% auto\"><figure class=\"wp-block-media-text__media\"><img loading=\"lazy\" decoding=\"async\" width=\"500\" height=\"250\" src=\"https:\/\/www.caldestracassessors.com\/wp-content\/uploads\/2021\/02\/LOGO-2.png\" alt=\"\" class=\"wp-image-188 size-full\" srcset=\"https:\/\/www.caldestracassessors.com\/wp-content\/uploads\/2021\/02\/LOGO-2.png 500w, https:\/\/www.caldestracassessors.com\/wp-content\/uploads\/2021\/02\/LOGO-2-300x150.png 300w\" sizes=\"(max-width: 500px) 100vw, 500px\" \/><\/figure><div class=\"wp-block-media-text__content\">\n<p class=\"has-normal-font-size\">BONADA URREA ADVOCATS est\u00e1 ubicado en Calle Cam\u00ed del Pla, n\u00fam. 1, bajos, de Malgrat de Mar, Barcelona.<\/p>\n<\/div><\/div>\n\n\n\n<div class=\"wp-block-media-text alignwide is-stacked-on-mobile\" style=\"grid-template-columns:16% auto\"><figure class=\"wp-block-media-text__media\"><img loading=\"lazy\" decoding=\"async\" width=\"212\" height=\"137\" src=\"https:\/\/www.caldestracassessors.com\/wp-content\/uploads\/2021\/02\/TODA.png\" alt=\"\" class=\"wp-image-194 size-full\"\/><\/figure><div class=\"wp-block-media-text__content\">\n<p class=\"has-normal-font-size\">TODA GESTI\u00d3, est\u00e1 sita en la Calle de Sant Josep, n\u00fam. 2, de Caldes d&#8217;Estrac, Barcelona. <\/p>\n<\/div><\/div>\n\n\n\n<p><\/p>\n","protected":false},"excerpt":{"rendered":"<p>BONADA URREA ADVOCATS est\u00e1 ubicado en Calle Cam\u00ed del Pla, n\u00fam. 1, bajos, de Malgrat de Mar, Barcelona. TODA GESTI\u00d3, est\u00e1 sita en la Calle de Sant Josep, n\u00fam. 2, de Caldes d&#8217;Estrac, Barcelona.<\/p>\n","protected":false},"author":1,"featured_media":0,"parent":0,"menu_order":0,"comment_status":"closed","ping_status":"closed","template":"","meta":{"footnotes":""},"yoast_head":"<!-- This site is optimized with the Yoast SEO plugin v15.9 - https:\/\/yoast.com\/wordpress\/plugins\/seo\/ -->\n<title>\u00bfD\u00f3nde estamos? - CALDESTRAC ASSESSORS<\/title>\n<meta name=\"robots\" content=\"index, follow, max-snippet:-1, max-image-preview:large, max-video-preview:-1\" \/>\n<link rel=\"canonical\" href=\"https:\/\/www.caldestracassessors.com\/index.php\/donde-estamos\/\" \/>\n<meta property=\"og:locale\" content=\"es_ES\" \/>\n<meta property=\"og:type\" content=\"article\" \/>\n<meta property=\"og:title\" content=\"\u00bfD\u00f3nde estamos? - CALDESTRAC ASSESSORS\" \/>\n<meta property=\"og:description\" content=\"BONADA URREA ADVOCATS est\u00e1 ubicado en Calle Cam\u00ed del Pla, n\u00fam. 1, bajos, de Malgrat de Mar, Barcelona. TODA GESTI\u00d3, est\u00e1 sita en la Calle de Sant Josep, n\u00fam. 2, de Caldes d&#8217;Estrac, Barcelona.\" \/>\n<meta property=\"og:url\" content=\"https:\/\/www.caldestracassessors.com\/index.php\/donde-estamos\/\" \/>\n<meta property=\"og:site_name\" content=\"CALDESTRAC ASSESSORS\" \/>\n<meta property=\"article:modified_time\" content=\"2021-02-23T15:59:37+00:00\" \/>\n<meta property=\"og:image\" content=\"https:\/\/www.caldestracassessors.com\/wp-content\/uploads\/2021\/02\/LOGO-2.png\" \/>\n<meta name=\"twitter:card\" content=\"summary_large_image\" \/>\n<meta name=\"twitter:label1\" content=\"Tiempo de lectura\">\n\t<meta name=\"twitter:data1\" content=\"1 minuto\">\n<script type=\"application\/ld+json\" class=\"yoast-schema-graph\">{\"@context\":\"https:\/\/schema.org\",\"@graph\":[{\"@type\":\"WebSite\",\"@id\":\"https:\/\/www.caldestracassessors.com\/#website\",\"url\":\"https:\/\/www.caldestracassessors.com\/\",\"name\":\"CALDESTRAC ASSESSORS\",\"description\":\"\",\"potentialAction\":[{\"@type\":\"SearchAction\",\"target\":\"https:\/\/www.caldestracassessors.com\/?s={search_term_string}\",\"query-input\":\"required name=search_term_string\"}],\"inLanguage\":\"es\"},{\"@type\":\"ImageObject\",\"@id\":\"https:\/\/www.caldestracassessors.com\/index.php\/donde-estamos\/#primaryimage\",\"inLanguage\":\"es\",\"url\":\"https:\/\/www.caldestracassessors.com\/wp-content\/uploads\/2021\/02\/LOGO-2.png\",\"width\":500,\"height\":250},{\"@type\":\"WebPage\",\"@id\":\"https:\/\/www.caldestracassessors.com\/index.php\/donde-estamos\/#webpage\",\"url\":\"https:\/\/www.caldestracassessors.com\/index.php\/donde-estamos\/\",\"name\":\"\\u00bfD\\u00f3nde estamos? - CALDESTRAC ASSESSORS\",\"isPartOf\":{\"@id\":\"https:\/\/www.caldestracassessors.com\/#website\"},\"primaryImageOfPage\":{\"@id\":\"https:\/\/www.caldestracassessors.com\/index.php\/donde-estamos\/#primaryimage\"},\"datePublished\":\"2021-02-23T15:47:46+00:00\",\"dateModified\":\"2021-02-23T15:59:37+00:00\",\"breadcrumb\":{\"@id\":\"https:\/\/www.caldestracassessors.com\/index.php\/donde-estamos\/#breadcrumb\"},\"inLanguage\":\"es\",\"potentialAction\":[{\"@type\":\"ReadAction\",\"target\":[\"https:\/\/www.caldestracassessors.com\/index.php\/donde-estamos\/\"]}]},{\"@type\":\"BreadcrumbList\",\"@id\":\"https:\/\/www.caldestracassessors.com\/index.php\/donde-estamos\/#breadcrumb\",\"itemListElement\":[{\"@type\":\"ListItem\",\"position\":1,\"item\":{\"@type\":\"WebPage\",\"@id\":\"https:\/\/www.caldestracassessors.com\/\",\"url\":\"https:\/\/www.caldestracassessors.com\/\",\"name\":\"Portada\"}},{\"@type\":\"ListItem\",\"position\":2,\"item\":{\"@type\":\"WebPage\",\"@id\":\"https:\/\/www.caldestracassessors.com\/index.php\/donde-estamos\/\",\"url\":\"https:\/\/www.caldestracassessors.com\/index.php\/donde-estamos\/\",\"name\":\"\\u00bfD\\u00f3nde estamos?\"}}]}]}<\/script>\n<!-- \/ Yoast SEO plugin. -->","_links":{"self":[{"href":"https:\/\/www.caldestracassessors.com\/index.php\/wp-json\/wp\/v2\/pages\/172"}],"collection":[{"href":"https:\/\/www.caldestracassessors.com\/index.php\/wp-json\/wp\/v2\/pages"}],"about":[{"href":"https:\/\/www.caldestracassessors.com\/index.php\/wp-json\/wp\/v2\/types\/page"}],"author":[{"embeddable":true,"href":"https:\/\/www.caldestracassessors.com\/index.php\/wp-json\/wp\/v2\/users\/1"}],"replies":[{"embeddable":true,"href":"https:\/\/www.caldestracassessors.com\/index.php\/wp-json\/wp\/v2\/comments?post=172"}],"version-history":[{"count":2,"href":"https:\/\/www.caldestracassessors.com\/index.php\/wp-json\/wp\/v2\/pages\/172\/revisions"}],"predecessor-version":[{"id":198,"href":"https:\/\/www.caldestracassessors.com\/index.php\/wp-json\/wp\/v2\/pages\/172\/revisions\/198"}],"wp:attachment":[{"href":"https:\/\/www.caldestracassessors.com\/index.php\/wp-json\/wp\/v2\/media?parent=172"}],"curies":[{"name":"wp","href":"https:\/\/api.w.org\/{rel}","templated":true}]}}