{"id":220,"date":"2021-02-23T16:28:38","date_gmt":"2021-02-23T16:28:38","guid":{"rendered":"https:\/\/www.caldestracassessors.com\/?page_id=220"},"modified":"2021-02-23T16:49:04","modified_gmt":"2021-02-23T16:49:04","slug":"inicio-2","status":"publish","type":"page","link":"https:\/\/www.caldestracassessors.com\/","title":{"rendered":"INICIO"},"content":{"rendered":"\n<p class=\"has-text-color has-large-font-size\" style=\"color:#292d2f\"><span class=\"has-inline-color has-dark-gray-color\">En Caldestrac ASSESSORS ofrecemos todo tipo de servicios profesionales, a empresas y particulares. <\/span><\/p>\n\n\n\n<div class=\"wp-block-group\"><div class=\"wp-block-group__inner-container is-layout-flow wp-block-group-is-layout-flow\">\n<p class=\"has-text-align-left has-text-color has-normal-font-size\" style=\"color:#292d2f\">Este equipo est\u00e1 formado por TODA Gesti\u00f3, que se ocupa de todos los tr\u00e1mites fiscales, contables y laborales, y por BONADA URREA Advocats, profesionales que facilitan las relaciones personales y laborales, seg\u00fan las necesidades del cliente. <\/p>\n<\/div><\/div>\n\n\n\n<figure class=\"wp-block-image alignwide size-large\"><img loading=\"lazy\" decoding=\"async\" width=\"1024\" height=\"727\" src=\"https:\/\/www.caldestracassessors.com\/wp-content\/uploads\/2021\/02\/Fondo-FOTOS-WEB-1024x727.png\" alt=\"\" class=\"wp-image-226\" srcset=\"https:\/\/www.caldestracassessors.com\/wp-content\/uploads\/2021\/02\/Fondo-FOTOS-WEB-1024x727.png 1024w, https:\/\/www.caldestracassessors.com\/wp-content\/uploads\/2021\/02\/Fondo-FOTOS-WEB-300x213.png 300w, https:\/\/www.caldestracassessors.com\/wp-content\/uploads\/2021\/02\/Fondo-FOTOS-WEB-768x545.png 768w, https:\/\/www.caldestracassessors.com\/wp-content\/uploads\/2021\/02\/Fondo-FOTOS-WEB-1536x1090.png 1536w, https:\/\/www.caldestracassessors.com\/wp-content\/uploads\/2021\/02\/Fondo-FOTOS-WEB-1568x1113.png 1568w, https:\/\/www.caldestracassessors.com\/wp-content\/uploads\/2021\/02\/Fondo-FOTOS-WEB.png 1747w\" sizes=\"(max-width: 1024px) 100vw, 1024px\" \/><\/figure>\n\n\n\n<p><\/p>\n","protected":false},"excerpt":{"rendered":"<p>En Caldestrac ASSESSORS ofrecemos todo tipo de servicios profesionales, a empresas y particulares. Este equipo est\u00e1 formado por TODA Gesti\u00f3, que se ocupa de todos los tr\u00e1mites fiscales, contables y laborales, y por BONADA URREA Advocats, profesionales que facilitan las relaciones personales y laborales, seg\u00fan las necesidades del cliente.<\/p>\n","protected":false},"author":1,"featured_media":0,"parent":0,"menu_order":0,"comment_status":"closed","ping_status":"closed","template":"","meta":{"footnotes":""},"yoast_head":"<!-- This site is optimized with the Yoast SEO plugin v15.9 - https:\/\/yoast.com\/wordpress\/plugins\/seo\/ -->\n<title>INICIO - CALDESTRAC ASSESSORS<\/title>\n<meta name=\"robots\" content=\"index, follow, max-snippet:-1, max-image-preview:large, max-video-preview:-1\" \/>\n<link rel=\"canonical\" href=\"https:\/\/www.caldestracassessors.com\/\" \/>\n<meta property=\"og:locale\" content=\"es_ES\" \/>\n<meta property=\"og:type\" content=\"article\" \/>\n<meta property=\"og:title\" content=\"www.facebook.com\/bonadaurrea\" \/>\n<meta property=\"og:description\" content=\"En Caldestrac ASSESSORS ofrecemos todo tipo de servicios profesionales, a empresas y particulares. Este equipo est\u00e1 formado por TODA Gesti\u00f3, que se ocupa de todos los tr\u00e1mites fiscales, contables y laborales, y por BONADA URREA Advocats, profesionales que facilitan las relaciones personales y laborales, seg\u00fan las necesidades del cliente.\" \/>\n<meta property=\"og:url\" content=\"https:\/\/www.caldestracassessors.com\/\" \/>\n<meta property=\"og:site_name\" content=\"CALDESTRAC ASSESSORS\" \/>\n<meta property=\"article:modified_time\" content=\"2021-02-23T16:49:04+00:00\" \/>\n<meta property=\"og:image\" content=\"https:\/\/www.caldestracassessors.com\/wp-content\/uploads\/2021\/02\/Fondo-FOTOS-WEB-1024x727.png\" \/>\n<meta name=\"twitter:card\" content=\"summary_large_image\" \/>\n<meta name=\"twitter:label1\" content=\"Tiempo de lectura\">\n\t<meta name=\"twitter:data1\" content=\"1 minuto\">\n<script type=\"application\/ld+json\" class=\"yoast-schema-graph\">{\"@context\":\"https:\/\/schema.org\",\"@graph\":[{\"@type\":\"WebSite\",\"@id\":\"https:\/\/www.caldestracassessors.com\/#website\",\"url\":\"https:\/\/www.caldestracassessors.com\/\",\"name\":\"CALDESTRAC ASSESSORS\",\"description\":\"\",\"potentialAction\":[{\"@type\":\"SearchAction\",\"target\":\"https:\/\/www.caldestracassessors.com\/?s={search_term_string}\",\"query-input\":\"required name=search_term_string\"}],\"inLanguage\":\"es\"},{\"@type\":\"ImageObject\",\"@id\":\"https:\/\/www.caldestracassessors.com\/#primaryimage\",\"inLanguage\":\"es\",\"url\":\"https:\/\/www.caldestracassessors.com\/wp-content\/uploads\/2021\/02\/Fondo-FOTOS-WEB.png\",\"width\":1747,\"height\":1240},{\"@type\":\"WebPage\",\"@id\":\"https:\/\/www.caldestracassessors.com\/#webpage\",\"url\":\"https:\/\/www.caldestracassessors.com\/\",\"name\":\"INICIO - CALDESTRAC ASSESSORS\",\"isPartOf\":{\"@id\":\"https:\/\/www.caldestracassessors.com\/#website\"},\"primaryImageOfPage\":{\"@id\":\"https:\/\/www.caldestracassessors.com\/#primaryimage\"},\"datePublished\":\"2021-02-23T16:28:38+00:00\",\"dateModified\":\"2021-02-23T16:49:04+00:00\",\"breadcrumb\":{\"@id\":\"https:\/\/www.caldestracassessors.com\/#breadcrumb\"},\"inLanguage\":\"es\",\"potentialAction\":[{\"@type\":\"ReadAction\",\"target\":[\"https:\/\/www.caldestracassessors.com\/\"]}]},{\"@type\":\"BreadcrumbList\",\"@id\":\"https:\/\/www.caldestracassessors.com\/#breadcrumb\",\"itemListElement\":[{\"@type\":\"ListItem\",\"position\":1,\"item\":{\"@type\":\"WebPage\",\"@id\":\"https:\/\/www.caldestracassessors.com\/\",\"url\":\"https:\/\/www.caldestracassessors.com\/\",\"name\":\"Portada\"}},{\"@type\":\"ListItem\",\"position\":2,\"item\":{\"@type\":\"WebPage\",\"@id\":\"https:\/\/www.caldestracassessors.com\/\",\"url\":\"https:\/\/www.caldestracassessors.com\/\",\"name\":\"INICIO\"}}]}]}<\/script>\n<!-- \/ Yoast SEO plugin. -->","_links":{"self":[{"href":"https:\/\/www.caldestracassessors.com\/index.php\/wp-json\/wp\/v2\/pages\/220"}],"collection":[{"href":"https:\/\/www.caldestracassessors.com\/index.php\/wp-json\/wp\/v2\/pages"}],"about":[{"href":"https:\/\/www.caldestracassessors.com\/index.php\/wp-json\/wp\/v2\/types\/page"}],"author":[{"embeddable":true,"href":"https:\/\/www.caldestracassessors.com\/index.php\/wp-json\/wp\/v2\/users\/1"}],"replies":[{"embeddable":true,"href":"https:\/\/www.caldestracassessors.com\/index.php\/wp-json\/wp\/v2\/comments?post=220"}],"version-history":[{"count":6,"href":"https:\/\/www.caldestracassessors.com\/index.php\/wp-json\/wp\/v2\/pages\/220\/revisions"}],"predecessor-version":[{"id":238,"href":"https:\/\/www.caldestracassessors.com\/index.php\/wp-json\/wp\/v2\/pages\/220\/revisions\/238"}],"wp:attachment":[{"href":"https:\/\/www.caldestracassessors.com\/index.php\/wp-json\/wp\/v2\/media?parent=220"}],"curies":[{"name":"wp","href":"https:\/\/api.w.org\/{rel}","templated":true}]}}